{"id":6846,"date":"2020-02-28T18:09:45","date_gmt":"2020-02-28T15:09:45","guid":{"rendered":"https:\/\/www.maysera.com.tr\/?post_type=product&#038;p=6846"},"modified":"2024-09-17T14:44:20","modified_gmt":"2024-09-17T11:44:20","slug":"gotik-sera-48lik-tepe-kelepcesi-takimi-sag-ve-sol","status":"publish","type":"product","link":"https:\/\/www.maysera.com.tr\/en\/urunlerimiz\/gotik-sera-48lik-tepe-kelepcesi-takimi-sag-ve-sol","title":{"rendered":"Gotik Sera 48&#8217;lik tepe kelep\u00e7esi tak\u0131m\u0131 (Sa\u011f ve Sol)"},"content":{"rendered":"<p><strong>Sera malzemeleri (48&#8217;lik tepe kelep\u00e7esi)<\/strong><\/p>\n<ul>\n<li>\u00dcr\u00fcnlerimiz MAYSERA firmas\u0131 garantisi alt\u0131ndad\u0131r.<\/li>\n<li>\u00dcr\u00fcnlerimiz CE ve \u0130SO 9001:2015 kalite sertifikalar\u0131na sahiptir.<\/li>\n<li>\u00dcr\u00fcnlerimiz fabrikam\u0131zda \u00fcretilmi\u015ftir.<\/li>\n<\/ul>\n<p><strong>Sera 48&#8217;lik tepe kelep\u00e7esi tak\u0131m\u0131 <\/strong>275 gram galvanizli sac&#8217;tan \u00e7ekme kelep\u00e7eler preslerle bas\u0131larak delme ve b\u00fckme i\u015flemi yap\u0131larak montaja haz\u0131r \u015feklini al\u0131r. Kelep\u00e7enin g\u00f6revi &#8211; \u00e7ember borular\u0131n\u0131 merkezde birle\u015ftirerek havaland\u0131rma kollar\u0131 mente\u015fe kelep\u00e7elerini ve \u00e7at\u0131 naylonunu sabitlemek i\u00e7in kullan\u0131l\u0131r.<\/p>\n<p>Sat\u0131n alm\u0131\u015f oldu\u011funuz\u00a0 sera malzemelerinin montaj\u0131n\u0131n firmam\u0131z taraf\u0131ndan yap\u0131lmas\u0131n\u0131 istiyorsan\u0131z l\u00fctfen bizimle <strong><a href=\"https:\/\/www.maysera.com.tr\/iletisim\">irtibata<\/a><\/strong> ge\u00e7in.<\/p>\n<p><a href=\"https:\/\/www.maysera.com.tr\/\"><strong>Anahtar teslim sera<\/strong><\/a> kurulumu projeleriyle d\u00fcnyan\u0131n bir\u00e7ok yerinde anahtar teslim sera kurulumu ger\u00e7ekle\u015ftirmekteyiz. Anahtar teslim sera kurulumu projeleri yapt\u0131rmak i\u00e7in proje bazl\u0131 \u00e7al\u0131\u015fmalar yap\u0131lmaktad\u0131r. Size uygun sera kurulumu projesi fiyat teklifi almak i\u00e7in kurulacak olan sera \u00e7e\u015fidine g\u00f6re <strong><a href=\"https:\/\/www.maysera.com.tr\/hizmetlerimizz\">sera \u00e7e\u015fitlerini<\/a><\/strong> inceleyerek bizimle irtibata ge\u00e7ebilirsiniz.<\/p>\n<p>Di\u011fer sera malzemeleri ve ekipmanlar\u0131n\u0131 incelemek i\u00e7in <a href=\"https:\/\/www.maysera.com.tr\/urunlerimiz-sera-malzemeleri-sera-ekipmanlari\"><strong>bu sayfam\u0131z\u0131<\/strong><\/a> ziyaret edebilirsiniz.<\/p>\n<p>Bizi <a href=\"https:\/\/www.facebook.com\/maysera.com.tr\/\" target=\"_blank\" rel=\"noopener noreferrer\">facebook&#8217;tan<\/a> takip edebilirsiniz.<\/p>\n","protected":false},"excerpt":{"rendered":"<p><strong>Teknik \u00d6zellikleri:<\/strong><\/p>\n<ul>\n<li>275gr\/ m<sup>2<\/sup> galvanizli sac imalatl\u0131.<\/li>\n<li>Montaj \u00d6l\u00e7\u00fcs\u00fc: \u00d848.<\/li>\n<li>Standart 3mm kal\u0131nl\u0131kta.<\/li>\n<li>Tak\u0131m kg: 1.304 Kg.<\/li>\n<li>Fiyat\u0131m\u0131za <strong>KDV<\/strong> dahil de\u011fildir.<\/li>\n<\/ul>\n<p><strong>Not: Anahtar teslim sera kurulumu proje bazl\u0131 ve toplu al\u0131mlar\u0131nda farkl\u0131 fiyat politikas\u0131 uygulanmaktad\u0131r.<\/strong><\/p>\n<p><span style=\"color: #ff0000;\"><strong>\u00d6nemli Not: L\u00fctfen sipari\u015f vermek i\u00e7in bizimle ileti\u015fime ge\u00e7iniz.\u00a0<\/strong><\/span><\/p>\n","protected":false},"featured_media":5579,"comment_status":"open","ping_status":"closed","template":"","meta":[],"product_brand":[],"product_cat":[32,214],"product_tag":[],"class_list":{"0":"post-6846","1":"product","2":"type-product","3":"status-publish","4":"has-post-thumbnail","6":"product_cat-sera-konstruksiyon-malzemeleri","7":"product_cat-sera-kelepceleri","9":"first","10":"outofstock","11":"taxable","12":"shipping-taxable","13":"purchasable","14":"product-type-simple"},"_links":{"self":[{"href":"https:\/\/www.maysera.com.tr\/en\/wp-json\/wp\/v2\/product\/6846","targetHints":{"allow":["GET"]}}],"collection":[{"href":"https:\/\/www.maysera.com.tr\/en\/wp-json\/wp\/v2\/product"}],"about":[{"href":"https:\/\/www.maysera.com.tr\/en\/wp-json\/wp\/v2\/types\/product"}],"replies":[{"embeddable":true,"href":"https:\/\/www.maysera.com.tr\/en\/wp-json\/wp\/v2\/comments?post=6846"}],"wp:featuredmedia":[{"embeddable":true,"href":"https:\/\/www.maysera.com.tr\/en\/wp-json\/wp\/v2\/media\/5579"}],"wp:attachment":[{"href":"https:\/\/www.maysera.com.tr\/en\/wp-json\/wp\/v2\/media?parent=6846"}],"wp:term":[{"taxonomy":"product_brand","embeddable":true,"href":"https:\/\/www.maysera.com.tr\/en\/wp-json\/wp\/v2\/product_brand?post=6846"},{"taxonomy":"product_cat","embeddable":true,"href":"https:\/\/www.maysera.com.tr\/en\/wp-json\/wp\/v2\/product_cat?post=6846"},{"taxonomy":"product_tag","embeddable":true,"href":"https:\/\/www.maysera.com.tr\/en\/wp-json\/wp\/v2\/product_tag?post=6846"}],"curies":[{"name":"wp","href":"https:\/\/api.w.org\/{rel}","templated":true}]}}